{"id":104,"date":"2016-02-16T10:01:07","date_gmt":"2016-02-16T10:01:07","guid":{"rendered":"https:\/\/author.textmaster.com\/author\/\/?page_id=104"},"modified":"2020-08-17T10:07:37","modified_gmt":"2020-08-17T10:07:37","slug":"conditions-generales-utilisation","status":"publish","type":"page","link":"https:\/\/fr.textmaster.com\/translator-writer\/conditions-generales-utilisation\/","title":{"rendered":"Conditions g\u00e9n\u00e9rales d&rsquo;utilisation"},"content":{"rendered":"<h1><\/h1>\n<p>TextMaster est un site Internet permettant \u00e0 des clients particuliers ou professionnels (d\u00e9sign\u00e9s comme \u00ab\u00a0Clients ou Client\u00a0\u00bb) d\u2019acheter des prestations de services li\u00e9es \u00e0 des documents ou contenus de sites Internet (d\u00e9sign\u00e9s comme \u00ab\u00a0Contenus ou Contenu\u00a0\u00bb), plus pr\u00e9cis\u00e9ment \u00e0 faire traduire, corriger ou r\u00e9diger ces Contenus (ces trois termes \u00e9tant d\u00e9sign\u00e9s comme \u00ab\u00a0Services\u00a0\u00bb) par des auteurs qualifi\u00e9s par TextMaster (ci-apr\u00e8s le ou les \u00ab\u00a0Auteurs\u00a0\u00bb).<\/p>\n<p>TextMaster assure la mise en relation entre les Clients et les Auteurs qui effectuent les Services.<\/p>\n<p>L\u2019utilisation des Services et sites Internet fournis par TextMaster (d\u00e9sign\u00e9 \u00ab\u00a0TextMaster\u00a0\u00bb, \u00ab\u00a0TextMaster.com\u00a0\u00bb, \u00ab\u00a0nous\u00a0\u00bb, \u00ab\u00a0notre\u00a0\u00bb ou \u00ab\u00a0nos\u00a0\u00bb), par vous (d\u00e9sign\u00e9 \u00ab\u00a0auteur\u00a0\u00bb, \u00ab\u00a0vous\u00a0\u00bb, \u00ab\u00a0votre\u00a0\u00bb ou \u00ab\u00a0vos\u00a0\u00bb) est soumise aux pr\u00e9sentes Conditions G\u00e9n\u00e9rales d\u2019Utilisation (d\u00e9sign\u00e9es \u00ab\u00a0Conditions\u00a0\u00bb) ainsi qu\u2019\u00e0 la Politique de Confidentialit\u00e9 de TextMaster.<\/p>\n<p>TextMaster et l\u2019Auteur ci-apr\u00e8s collectivement d\u00e9nomm\u00e9es les \u00ab\u00a0Parties\u00a0\u00bb et individuellement une \u00ab\u00a0Partie\u00a0\u00bb.<\/p>\n<h2><\/h2>\n","protected":false},"excerpt":{"rendered":"<p>TextMaster est un site Internet permettant \u00e0 des clients particuliers ou professionnels (d\u00e9sign\u00e9s comme \u00ab\u00a0Clients ou Client\u00a0\u00bb) d\u2019acheter des prestations de services li\u00e9es \u00e0 des documents ou contenus de sites&#8230;<\/p>\n","protected":false},"author":1,"featured_media":0,"parent":0,"menu_order":0,"comment_status":"closed","ping_status":"closed","template":"page-tpl-page-with-anchors.php","meta":{"inline_featured_image":false,"footnotes":""},"acf":[],"_links":{"self":[{"href":"https:\/\/fr.textmaster.com\/translator-writer\/wp-json\/wp\/v2\/pages\/104"}],"collection":[{"href":"https:\/\/fr.textmaster.com\/translator-writer\/wp-json\/wp\/v2\/pages"}],"about":[{"href":"https:\/\/fr.textmaster.com\/translator-writer\/wp-json\/wp\/v2\/types\/page"}],"author":[{"embeddable":true,"href":"https:\/\/fr.textmaster.com\/translator-writer\/wp-json\/wp\/v2\/users\/1"}],"replies":[{"embeddable":true,"href":"https:\/\/fr.textmaster.com\/translator-writer\/wp-json\/wp\/v2\/comments?post=104"}],"version-history":[{"count":38,"href":"https:\/\/fr.textmaster.com\/translator-writer\/wp-json\/wp\/v2\/pages\/104\/revisions"}],"predecessor-version":[{"id":4682,"href":"https:\/\/fr.textmaster.com\/translator-writer\/wp-json\/wp\/v2\/pages\/104\/revisions\/4682"}],"wp:attachment":[{"href":"https:\/\/fr.textmaster.com\/translator-writer\/wp-json\/wp\/v2\/media?parent=104"}],"curies":[{"name":"wp","href":"https:\/\/api.w.org\/{rel}","templated":true}]}}